{"id":2,"date":"2019-08-12T10:22:50","date_gmt":"2019-08-12T07:22:50","guid":{"rendered":"https:\/\/www.otl-production.fi\/?page_id=2"},"modified":"2023-01-29T17:56:24","modified_gmt":"2023-01-29T15:56:24","slug":"sample-page","status":"publish","type":"page","link":"https:\/\/www.otl-production.fi\/","title":{"rendered":""},"content":{"rendered":"\n<script async=\"\" src=\"https:\/\/www.googletagmanager.com\/gtag\/js?id=G-73HNKBHX3F\"><\/script>\n\n\n\n<script>\n  window.dataLayer = window.dataLayer || [];\n  function gtag(){dataLayer.push(arguments);}\n  gtag('js', new Date());\n\n  gtag('config', 'G-73HNKBHX3F');\n<\/script>\n\n\n\n<h2 class=\"wp-block-heading\">OTL-Production palveluvalikoima<\/h2>\n\n\n\n<div class=\"wp-block-group alignwide extendify-offering-four eplus-NtjjBz\"><div class=\"wp-block-group__inner-container is-layout-flow wp-block-group-is-layout-flow\">\n<div class=\"wp-block-columns eplus-cA2KZY is-layout-flex wp-container-core-columns-is-layout-9d6595d7 wp-block-columns-is-layout-flex\">\n<div class=\"wp-block-column is-layout-flow wp-block-column-is-layout-flow\">\n<p class=\"has-text-align-center\">Tietoturvallisuus<\/p>\n<\/div>\n\n\n\n<div class=\"wp-block-column is-layout-flow wp-block-column-is-layout-flow\">\n<p class=\"has-text-align-center\">Tietokoneet ja \u00e4lylaitteet<\/p>\n<\/div>\n\n\n\n<div class=\"wp-block-column is-layout-flow wp-block-column-is-layout-flow\">\n<p class=\"has-text-align-center\">Siivouspalvelut<\/p>\n<\/div>\n<\/div>\n\n\n\n<div class=\"wp-block-columns eplus-VCF3mb is-layout-flex wp-container-core-columns-is-layout-9d6595d7 wp-block-columns-is-layout-flex\">\n<div class=\"wp-block-column eplus-nsbUNz is-layout-flow wp-block-column-is-layout-flow\"><div class=\"wp-block-image\">\n<figure class=\"aligncenter size-full\"><img decoding=\"async\" src=\"https:\/\/www.otl-production.fi\/wp-content\/uploads\/2019\/08\/Cyberkuva.png\" alt=\"\" class=\"wp-image-11\"\/><figcaption class=\"wp-element-caption\">Kyberturvallisuus<\/figcaption><\/figure>\n<\/div>\n\n\n<p class=\"has-text-align-center eplus-Dg8kja\">Palvelunestohy\u00f6kk\u00e4ys<\/p>\n<\/div>\n\n\n\n<div class=\"wp-block-column eplus-bZf6Yw is-layout-flow wp-block-column-is-layout-flow\">\n<figure class=\"wp-block-image size-full eplus-5SJAOP extendify-other-img\"><img decoding=\"async\" src=\"https:\/\/www.otl-production.fi\/wp-content\/uploads\/2021\/08\/tietokone.png\" alt=\"\" class=\"wp-image-459\"\/><figcaption class=\"wp-element-caption\">Tietotekniikka opastus<\/figcaption><\/figure>\n\n\n\n<p><\/p>\n\n\n\n<p><\/p>\n<\/div>\n\n\n\n<div class=\"wp-block-column eplus-c3iRrq is-layout-flow wp-block-column-is-layout-flow\"><div class=\"wp-block-image\">\n<figure class=\"aligncenter size-large is-resized\"><img loading=\"lazy\" decoding=\"async\" src=\"https:\/\/www.otl-production.fi\/wp-content\/uploads\/2021\/11\/Siivooja-2-1024x997.png\" alt=\"\" class=\"wp-image-485\" width=\"295\" height=\"287\" srcset=\"https:\/\/www.otl-production.fi\/wp-content\/uploads\/2021\/11\/Siivooja-2-1024x997.png 1024w, https:\/\/www.otl-production.fi\/wp-content\/uploads\/2021\/11\/Siivooja-2-300x292.png 300w, https:\/\/www.otl-production.fi\/wp-content\/uploads\/2021\/11\/Siivooja-2-768x748.png 768w, https:\/\/www.otl-production.fi\/wp-content\/uploads\/2021\/11\/Siivooja-2.png 1492w\" sizes=\"auto, (max-width: 295px) 100vw, 295px\" \/><figcaption class=\"wp-element-caption\">Kiinteist\u00f6siivoukset<\/figcaption><\/figure>\n<\/div><\/div>\n<\/div>\n<\/div><\/div>\n\n\n\n<p><script async=\"\" src=\"https:\/\/www.googletagmanager.com\/gtag\/js?id=G-0HY12W0P2T\"><\/script> <script>\n  window.dataLayer = window.dataLayer || [];\n  function gtag(){dataLayer.push(arguments);}\n  gtag('js', new Date());\n\n  gtag('config', 'G-0HY12W0P2T');\n<\/script><\/p>\n","protected":false},"excerpt":{"rendered":"<p>OTL-Production palveluvalikoima Tietoturvallisuus Tietokoneet ja \u00e4lylaitteet Siivouspalvelut Palvelunestohy\u00f6kk\u00e4ys<\/p>\n","protected":false},"author":1,"featured_media":0,"parent":0,"menu_order":0,"comment_status":"closed","ping_status":"closed","template":"","meta":{"_exactmetrics_skip_tracking":false,"_exactmetrics_sitenote_active":false,"_exactmetrics_sitenote_note":"","_exactmetrics_sitenote_category":0,"footnotes":""},"class_list":["post-2","page","type-page","status-publish"],"_links":{"self":[{"href":"https:\/\/www.otl-production.fi\/index.php?rest_route=\/wp\/v2\/pages\/2","targetHints":{"allow":["GET"]}}],"collection":[{"href":"https:\/\/www.otl-production.fi\/index.php?rest_route=\/wp\/v2\/pages"}],"about":[{"href":"https:\/\/www.otl-production.fi\/index.php?rest_route=\/wp\/v2\/types\/page"}],"author":[{"embeddable":true,"href":"https:\/\/www.otl-production.fi\/index.php?rest_route=\/wp\/v2\/users\/1"}],"replies":[{"embeddable":true,"href":"https:\/\/www.otl-production.fi\/index.php?rest_route=%2Fwp%2Fv2%2Fcomments&post=2"}],"version-history":[{"count":34,"href":"https:\/\/www.otl-production.fi\/index.php?rest_route=\/wp\/v2\/pages\/2\/revisions"}],"predecessor-version":[{"id":579,"href":"https:\/\/www.otl-production.fi\/index.php?rest_route=\/wp\/v2\/pages\/2\/revisions\/579"}],"wp:attachment":[{"href":"https:\/\/www.otl-production.fi\/index.php?rest_route=%2Fwp%2Fv2%2Fmedia&parent=2"}],"curies":[{"name":"wp","href":"https:\/\/api.w.org\/{rel}","templated":true}]}}